{"id":71697,"date":"2025-02-19T13:37:15","date_gmt":"2025-02-19T21:37:15","guid":{"rendered":"https:\/\/cashcowboy.net\/privacy-policy\/"},"modified":"2026-02-04T13:35:53","modified_gmt":"2026-02-04T21:35:53","slug":"privacy-policy","status":"publish","type":"page","link":"https:\/\/cashcowboy.net\/fil\/privacy-policy\/","title":{"rendered":"Patakaran sa Privacy"},"content":{"rendered":"\t\t<div data-elementor-type=\"wp-page\" data-elementor-id=\"71697\" class=\"elementor elementor-71697 elementor-1092\" data-elementor-post-type=\"page\">\n\t\t\t\t<div class=\"elementor-element elementor-element-c1e8912 e-flex e-con-boxed e-con e-parent\" data-id=\"c1e8912\" data-element_type=\"container\" data-e-type=\"container\">\n\t\t\t\t\t<div class=\"e-con-inner\">\n\t\t\t\t<div class=\"elementor-element elementor-element-eb7bd66 elementor-widget elementor-widget-text-editor\" data-id=\"eb7bd66\" data-element_type=\"widget\" data-e-type=\"widget\" data-widget_type=\"text-editor.default\">\n\t\t\t\t<div class=\"elementor-widget-container\">\n\t\t\t\t\t\t\t\t\t<p>Bienvenido a Digital Cash Cowboy Inc. (&#8220;Cash Cowboy&#8221;). Esta Pol\u00edtica de Privacidad regula c\u00f3mo recopilamos, usamos y protegemos su informaci\u00f3n personal cuando visita nuestro sitio web ubicado en<a href=\"https:\/\/cashcowboy.net\/fil\/\"> www.cashcowboy.net<\/a> (en adelante, &#8220;el Sitio Web&#8221;). <\/p><p>En Cash Cowboy, valoramos su privacidad y estamos comprometidos en proteger sus datos personales. Esta Pol\u00edtica de Privacidad describe los tipos de informaci\u00f3n que recopilamos, c\u00f3mo la utilizamos y sus derechos respecto a esa informaci\u00f3n. Si tiene alguna pregunta o inquietud, no dude en ponerse en contacto con nosotros<a href=\"mailto:office@cashcowboy.net\">.<\/a>  <\/p><h3>Tabla de Contenidos<\/h3><ul><li><a href=\"#personal-information-you-provide\">Informaci\u00f3n Personal que Usted Proporciona<\/a><\/li><li><a href=\"#purposes-of-collection-use-and-disclosure\">Prop\u00f3sitos de Recopilaci\u00f3n, Uso y Divulgaci\u00f3n<\/a><\/li><li><a href=\"#restrictions-on-use-manitoba-borrowers-only\">Restricciones de Uso (Solo para Prestatarios de Manitoba)<\/a><\/li><li><a href=\"#types-of-personal-information-collected\">Tipos de Informaci\u00f3n Personal Recopilada<\/a><\/li><li><a href=\"#access-to-personal-information\">Acceso a la Informaci\u00f3n Personal<\/a><\/li><li><a href=\"#consent-timing-for-manitoba-borrowers\">Tiempo de Consentimiento para Prestatarios de Manitoba<\/a><\/li><li><a href=\"#retention-and-destruction-of-personal-information\">Retenci\u00f3n y Destrucci\u00f3n de Informaci\u00f3n Personal<\/a><\/li><li><a href=\"#log-files-and-cookies\">Archivos de Registro y Cookies<\/a><\/li><li><a href=\"#changes-to-the-privacy-policy-agreement\">Cambios en el Acuerdo de la Pol\u00edtica de Privacidad<\/a><\/li><\/ul><section id=\"personal-information-you-provide\"><h3>Informaci\u00f3n Personal que Usted Proporciona<\/h3><p>Cuando interact\u00faa con Cash Cowboy a trav\u00e9s de nuestro sitio web, es posible que le solicitamos que proporcione cierta informaci\u00f3n personal, que incluye, entre otros, los siguientes datos:<\/p><ul><li>Su nombre<\/li><li>Direcci\u00f3n de correo electr\u00f3nico<\/li><li>N\u00famero de tel\u00e9fono<\/li><li>Direcci\u00f3n<\/li><li>Identificaci\u00f3n con foto<\/li><li>\u00daltimo tal\u00f3n de pago<\/li><li>Cualquier mensaje o archivo adjunto que nos env\u00ede<\/li><\/ul><\/section><section id=\"purposes-of-collection-use-and-disclosure\"><h3>Prop\u00f3sitos de Recopilaci\u00f3n, Uso y Divulgaci\u00f3n<\/h3><p>Recopilamos, usamos y divulgamos su informaci\u00f3n personal para los siguientes prop\u00f3sitos:<\/p><ol><li><strong>Verificaci\u00f3n<\/strong> de Elegibilidad: Para evaluar su elegibilidad para pr\u00e9stamos en cumplimiento con los requisitos legales.<\/li><li><strong>Procesamiento <\/strong>de Transacciones: Para procesar y autorizar sus transacciones financieras.<\/li><li><strong>Prevenci\u00f3n<\/strong> de Fraude: Para detectar y prevenir actividades fraudulentas.<\/li><li><strong>Protecci\u00f3n Financiera:<\/strong> Para proteger los intereses financieros tanto de nuestros usuarios como de Cash Cowboy.<\/li><li><strong>Cumplimiento Legal:<\/strong> Para cumplir con todos los requisitos legales y regulatorios aplicables.<\/li><\/ol><\/section><section id=\"restrictions-on-use-manitoba-borrowers-only\"><h3>Restricciones de Uso (Solo para Prestatarios de Manitoba)<\/h3><p>Seg\u00fan la Secci\u00f3n 15.6(2) y 15.6(3) del reglamento, Cash Cowboy utilizar\u00e1 su informaci\u00f3n \u00fanicamente para servicios de pr\u00e9stamos de d\u00eda de pago o para fines de reembolso de pr\u00e9stamos. No utilizaremos sus datos para la compra de otros bienes o servicios ni para enviar materiales de marketing no relacionados con los pr\u00e9stamos de d\u00eda de pago. <\/p><\/section><section id=\"types-of-personal-information-collected\"><h3>Tipos de Informaci\u00f3n Personal Recopilada<\/h3><p>Para las evaluaciones iniciales y continuas de elegibilidad, podemos recopilar:<\/p><ul><li><strong>Informaci\u00f3n B\u00e1sica<\/strong> del Perfil: Nombre, direcci\u00f3n de correo electr\u00f3nico y otros detalles de contacto.<\/li><li><strong>Informaci\u00f3n de Identificaci\u00f3n: <\/strong>Fecha de nacimiento, identificaci\u00f3n con foto, licencia de conducir.<\/li><li><strong>Informaci\u00f3n Financiera: <\/strong>Detalles del empleo, ingresos e historial crediticio.<\/li><li><strong>Informaci\u00f3n Transaccional: <\/strong>N\u00fameros de cuenta bancaria y datos relacionados.<\/li><\/ul><\/section><section id=\"access-to-personal-information\"><h3>Acceso a la Informaci\u00f3n Personal<\/h3><p>Solo los empleados que necesiten informaci\u00f3n personal para brindarle servicios tendr\u00e1n acceso a sus datos. Nos aseguraremos de que el acceso est\u00e9 estrictamente controlado y monitoreado. <\/p><\/section><section id=\"consent-timing-for-manitoba-borrowers\"><h3>Tiempo de Consentimiento para Prestatarios de Manitoba<\/h3><p>Para los prestatarios de Manitoba, el consentimiento comienza en la fecha en que se firma el acuerdo de pr\u00e9stamo y permanece v\u00e1lido por un per\u00edodo de un a\u00f1o. Puede revocar su consentimiento en cualquier momento contact\u00e1ndonos directamente. <\/p><\/section><section id=\"retention-and-destruction-of-personal-information\"><h3>Retenci\u00f3n y Destrucci\u00f3n de Informaci\u00f3n Personal<\/h3><p>Retenemos su informaci\u00f3n personal durante el tiempo necesario para cumplir con los fines para los cuales fue recopilada, de acuerdo con las leyes aplicables. Una vez que ya no sea necesaria, destruiremos, eliminaremos o anonimizar\u00edamos sus datos de manera segura. <\/p><\/section><section id=\"log-files-and-cookies\"><h3>Archivos de Registro y Cookies<\/h3><p>Cuando visite nuestro sitio web, podemos recopilar datos demogr\u00e1ficos y utilizar cookies para mejorar su experiencia de usuario. Las cookies nos ayudan a recopilar an\u00e1lisis, mejorar la funcionalidad del sitio y garantizar un servicio personalizado. <\/p><\/section><section id=\"changes-to-the-privacy-policy-agreement\"><h3>Cambios en el Acuerdo de la Pol\u00edtica de Privacidad<\/h3><p>Cash Cowboy se reserva el derecho de actualizar o modificar esta Pol\u00edtica de Privacidad en cualquier momento. Cualquier cambio ser\u00e1 efectivo inmediatamente al ser publicado en el Sitio Web. Es su responsabilidad revisar esta pol\u00edtica peri\u00f3dicamente para mantenerse informado. Al continuar utilizando nuestro sitio web, usted acepta la Pol\u00edtica de Privacidad actualizada. Si no est\u00e1 de acuerdo con los t\u00e9rminos de esta Pol\u00edtica de Privacidad, le solicitamos que se abstenga de utilizar nuestro sitio web.    <\/p><\/section>\t\t\t\t\t\t\t\t<\/div>\n\t\t\t\t<\/div>\n\t\t\t\t\t<\/div>\n\t\t\t\t<\/div>\n\t\t\t\t<\/div>\n\t\t","protected":false},"excerpt":{"rendered":"<p>Bienvenido a Digital Cash Cowboy Inc. (&#8220;Cash Cowboy&#8221;). Esta Pol\u00edtica de Privacidad regula c\u00f3mo recopilamos, usamos y protegemos su informaci\u00f3n personal cuando visita nuestro sitio web ubicado en www.cashcowboy.net (en adelante, &#8220;el Sitio Web&#8221;). En Cash Cowboy, valoramos su privacidad y estamos comprometidos en proteger sus datos personales. Esta Pol\u00edtica de Privacidad describe los tipos&#8230;<\/p>\n","protected":false},"author":104,"featured_media":0,"parent":0,"menu_order":0,"comment_status":"closed","ping_status":"closed","template":"","meta":{"_acf_changed":false,"footnotes":""},"class_list":["post-71697","page","type-page","status-publish","hentry"],"acf":[],"_links":{"self":[{"href":"https:\/\/cashcowboy.net\/fil\/wp-json\/wp\/v2\/pages\/71697","targetHints":{"allow":["GET"]}}],"collection":[{"href":"https:\/\/cashcowboy.net\/fil\/wp-json\/wp\/v2\/pages"}],"about":[{"href":"https:\/\/cashcowboy.net\/fil\/wp-json\/wp\/v2\/types\/page"}],"author":[{"embeddable":true,"href":"https:\/\/cashcowboy.net\/fil\/wp-json\/wp\/v2\/users\/104"}],"replies":[{"embeddable":true,"href":"https:\/\/cashcowboy.net\/fil\/wp-json\/wp\/v2\/comments?post=71697"}],"version-history":[{"count":0,"href":"https:\/\/cashcowboy.net\/fil\/wp-json\/wp\/v2\/pages\/71697\/revisions"}],"wp:attachment":[{"href":"https:\/\/cashcowboy.net\/fil\/wp-json\/wp\/v2\/media?parent=71697"}],"curies":[{"name":"wp","href":"https:\/\/api.w.org\/{rel}","templated":true}]}}