{"id":71668,"date":"2025-02-19T13:36:52","date_gmt":"2025-02-19T21:36:52","guid":{"rendered":"https:\/\/cashcowboy.net\/termes-et-conditions\/"},"modified":"2026-02-04T12:56:51","modified_gmt":"2026-02-04T20:56:51","slug":"termes-et-conditions","status":"publish","type":"page","link":"https:\/\/cashcowboy.net\/fr\/termes-et-conditions\/","title":{"rendered":"Termes et Conditions"},"content":{"rendered":"\t\t<div data-elementor-type=\"wp-page\" data-elementor-id=\"71668\" class=\"elementor elementor-71668 elementor-1090\" data-elementor-post-type=\"page\">\n\t\t\t\t<div class=\"elementor-element elementor-element-b6f3875 e-flex e-con-boxed e-con e-parent\" data-id=\"b6f3875\" data-element_type=\"container\" data-e-type=\"container\">\n\t\t\t\t\t<div class=\"e-con-inner\">\n\t\t\t\t<div class=\"elementor-element elementor-element-3944628 elementor-widget elementor-widget-text-editor\" data-id=\"3944628\" data-element_type=\"widget\" data-e-type=\"widget\" data-widget_type=\"text-editor.default\">\n\t\t\t\t<div class=\"elementor-widget-container\">\n\t\t\t\t\t\t\t\t\t<h3>Introduction<\/h3>\n<p>Ces conditions d&#8217;utilisation standard du site Web (ci-apr\u00e8s, &#8220;T&amp;C&#8221;) \u00e9crites sur cette page ont \u00e9t\u00e9 publi\u00e9es par Digital Cash Cowboy Inc. (ci-apr\u00e8s, &#8220;Cash Cowboy&#8221;). Les T&amp;C sur cette page r\u00e9giront votre utilisation de notre site web, Cash Cowboy accessible \u00e0 <g id=\"gid_0\">www.cashcowboy.net.<\/g> <\/p>\n<p>Ces termes seront enti\u00e8rement appliqu\u00e9s et affecteront votre utilisation de ce site web. En utilisant ce site, vous acceptez d&#8217;accepter tous les termes et conditions \u00e9crits ici. Vous ne devez pas utiliser ce site si vous n&#8217;\u00eates pas d&#8217;accord avec l&#8217;une de ces conditions g\u00e9n\u00e9rales du site.  <\/p>\n\n<h3>Admissibilit\u00e9<\/h3>\n<p>Vous devez avoir au moins 18 ans pour acc\u00e9der et utiliser ce site web.<\/p>\n\n<h3>Droits de propri\u00e9t\u00e9 intellectuelle<\/h3>\n<p>\u00c0 l&#8217;exception du contenu que vous poss\u00e9dez, en vertu de ces conditions, Cash Cowboy et\/ou ses conc\u00e9dants de licence d\u00e9tiennent tous les droits de propri\u00e9t\u00e9 intellectuelle et les mat\u00e9riaux contenus dans ce site Web.<\/p>\n<p>Vous vous voyez accorder une licence limit\u00e9e uniquement dans le but de visualiser le contenu contenu sur ce site web.<\/p>\n\n<h3>Restrictions<\/h3>\n<p>Vous \u00eates sp\u00e9cifiquement restreint de toutes les actions suivantes<\/p>\n<ul>\n  <li>Publier tout mat\u00e9riel du site Web dans tout autre m\u00e9dia ;<\/li>\n  <li>Vendre, sous-licencier et\/ou autrement commercialiser tout mat\u00e9riel du site Web<\/li>\n  <li>Ex\u00e9cuter et\/ou afficher publiquement tout mat\u00e9riel du site Web ;<\/li>\n  <li>Utiliser ce site Web de mani\u00e8re \u00e0 nuire \u00e0 ce site Web ou \u00e0 risquer de le nuire<\/li>\n  <li>Utiliser ce site Web de mani\u00e8re \u00e0 impacter l&#8217;acc\u00e8s des utilisateurs \u00e0 ce site Web<\/li>\n  <li>Utiliser ce site Web en contradiction avec les lois et r\u00e8glements applicables, ou de mani\u00e8re \u00e0 nuire au site Web, ou \u00e0 toute personne ou entit\u00e9 commerciale<\/li>\n  <li>Participer \u00e0 toute activit\u00e9 d&#8217;extraction de donn\u00e9es, de r\u00e9colte de donn\u00e9es, d&#8217;extraction de donn\u00e9es ou toute autre activit\u00e9 similaire li\u00e9e \u00e0 ce site Web ;<\/li>\n  <li>Utiliser ce site Web pour s&#8217;engager dans toute publicit\u00e9 ou marketing.<\/li>\n<\/ul>\n<p>Certaines zones de ce site Web sont restreintes pour votre acc\u00e8s, et Cash Cowboy peut restreindre davantage l&#8217;acc\u00e8s \u00e0 n&#8217;importe quelle zone de ce site \u00e0 tout moment, \u00e0 sa seule discr\u00e9tion.<\/p>\n\n<h3>Votre contenu<\/h3>\n<p>Dans ces conditions g\u00e9n\u00e9rales du site, \u00ab Votre Contenu \u00bb d\u00e9signe tout texte, image ou autre mat\u00e9riel que vous choisissez d&#8217;afficher sur ce site. En affichant votre contenu, vous accordez \u00e0 Cash Cowboy une licence non exclusive, mondiale, irr\u00e9vocable et sous-licenciable pour l&#8217;utiliser, le reproduire, l&#8217;adapter, le publier, le traduire et le distribuer dans tous les m\u00e9dias. <\/p>\n\n<h3>Votre confidentialit\u00e9<\/h3>\n<p><a href=\"https:\/\/cashcowboy.net\/privacy-policy\/\">Veuillez lire la politique de confidentialit\u00e9.<\/a><\/p>\n\n<h3>Aucune garantie<\/h3>\n<p>Ce site Web est fourni \u00ab tel quel \u00bb, avec tous ses d\u00e9fauts, et Cash Cowboy ne fait aucune d\u00e9claration ni garantie de quelque nature que ce soit concernant ce site Web ou les mat\u00e9riaux contenus sur ce site. Rien de ce qui est contenu sur ce site ne doit \u00eatre interpr\u00e9t\u00e9 comme un conseil. <\/p>\n\n<h3>Limitation de responsabilit\u00e9<\/h3>\n<p>En aucun cas, Cash Cowboy, ni ses dirigeants, administrateurs ou employ\u00e9s, ne pourra \u00eatre tenu responsable de quoi que ce soit d\u00e9coulant de ou de toute mani\u00e8re li\u00e9 \u00e0 votre utilisation de ce site Web, que cette responsabilit\u00e9 soit fond\u00e9e sur un contrat ou autrement. Cash Cowboy ne sera pas tenu responsable de toute responsabilit\u00e9 indirecte, cons\u00e9cutive ou sp\u00e9ciale d\u00e9coulant de ou li\u00e9e de quelque mani\u00e8re que ce soit \u00e0 votre utilisation de ce site Web. <\/p>\n\n<h3>Indemnisation<\/h3>\n<p>Par la pr\u00e9sente, vous indemnisez Cash Cowboy dans toute la mesure permise par la loi contre toute responsabilit\u00e9, co\u00fbt, demande, cause d&#8217;action, dommage et d\u00e9pense d\u00e9coulant de ou li\u00e9s de quelque mani\u00e8re que ce soit \u00e0 votre violation de l&#8217;une des dispositions de ces conditions.<\/p>\n\n<h3>S\u00e9parabilit\u00e9<\/h3>\n<p>Si une disposition de ces conditions est jug\u00e9e invalide en vertu de toute loi applicable, cette disposition sera supprim\u00e9e sans affecter les autres dispositions.<\/p>\n\n<h3>Modification des conditions<\/h3>\n<p>Cash Cowboy est autoris\u00e9 \u00e0 r\u00e9viser ces conditions \u00e0 tout moment, selon son appr\u00e9ciation. En utilisant ce site Web, vous \u00eates tenu de consulter r\u00e9guli\u00e8rement ces conditions pour rester inform\u00e9 de toute modification. Les modifications prennent effet imm\u00e9diatement apr\u00e8s leur publication.  <\/p>\n\n<h3>Cession<\/h3>\n<p>Cash Cowboy est autoris\u00e9 \u00e0 c\u00e9der, transf\u00e9rer et sous-traiter ses droits et\/ou obligations en vertu de ces conditions sans pr\u00e9avis. Vous ne pouvez pas c\u00e9der, transf\u00e9rer ou sous-traiter vos droits ou obligations en vertu de ces conditions. <\/p>\n\n<h3>Accord complet<\/h3>\n<p>Ces conditions constituent l&#8217;int\u00e9gralit\u00e9 de l&#8217;accord entre Cash Cowboy et vous en ce qui concerne votre utilisation de ce site Web et remplacent tous les accords et ententes ant\u00e9rieurs.<\/p>\n\n<h3>Droit applicable et juridiction<\/h3>\n<p>Ces conditions seront r\u00e9gies et interpr\u00e9t\u00e9es conform\u00e9ment aux lois applicables, sans tenir compte des principes de conflit de lois. Si une loi applicable entre en conflit avec ces conditions, celles-ci seront consid\u00e9r\u00e9es comme modifi\u00e9es pour se conformer \u00e0 cette loi, sans affecter les autres dispositions. <\/p>\n\n<h3>Avis important<\/h3>\n<p>La version finale et autoritaire de ces termes et conditions est en anglais. Toute traduction fournie est uniquement \u00e0 titre de commodit\u00e9 et peut contenir des inexactitudes. En utilisant ce site Web, vous acceptez que la version anglaise pr\u00e9vaille.  <\/p>\n\n<p>Derni\u00e8re mise \u00e0 jour : mars 2025<\/p>\n\t\t\t\t\t\t\t\t<\/div>\n\t\t\t\t<\/div>\n\t\t\t\t\t<\/div>\n\t\t\t\t<\/div>\n\t\t\t\t<\/div>\n\t\t","protected":false},"excerpt":{"rendered":"<p>Introduction Ces conditions d&#8217;utilisation standard du site Web (ci-apr\u00e8s, &#8220;T&amp;C&#8221;) \u00e9crites sur cette page ont \u00e9t\u00e9 publi\u00e9es par Digital Cash Cowboy Inc. (ci-apr\u00e8s, &#8220;Cash Cowboy&#8221;). Les T&amp;C sur cette page r\u00e9giront votre utilisation de notre site web, Cash Cowboy accessible \u00e0 www.cashcowboy.net. Ces termes seront enti\u00e8rement appliqu\u00e9s et affecteront votre utilisation de ce site web&#8230;.<\/p>\n","protected":false},"author":104,"featured_media":0,"parent":0,"menu_order":0,"comment_status":"closed","ping_status":"closed","template":"","meta":{"_acf_changed":false,"footnotes":""},"class_list":["post-71668","page","type-page","status-publish","hentry"],"acf":[],"_links":{"self":[{"href":"https:\/\/cashcowboy.net\/fr\/wp-json\/wp\/v2\/pages\/71668","targetHints":{"allow":["GET"]}}],"collection":[{"href":"https:\/\/cashcowboy.net\/fr\/wp-json\/wp\/v2\/pages"}],"about":[{"href":"https:\/\/cashcowboy.net\/fr\/wp-json\/wp\/v2\/types\/page"}],"author":[{"embeddable":true,"href":"https:\/\/cashcowboy.net\/fr\/wp-json\/wp\/v2\/users\/104"}],"replies":[{"embeddable":true,"href":"https:\/\/cashcowboy.net\/fr\/wp-json\/wp\/v2\/comments?post=71668"}],"version-history":[{"count":0,"href":"https:\/\/cashcowboy.net\/fr\/wp-json\/wp\/v2\/pages\/71668\/revisions"}],"wp:attachment":[{"href":"https:\/\/cashcowboy.net\/fr\/wp-json\/wp\/v2\/media?parent=71668"}],"curies":[{"name":"wp","href":"https:\/\/api.w.org\/{rel}","templated":true}]}}