{"id":71656,"date":"2025-02-19T13:36:52","date_gmt":"2025-02-19T21:36:52","guid":{"rendered":"https:\/\/cashcowboy.net\/terms-conditions\/"},"modified":"2026-02-04T12:16:30","modified_gmt":"2026-02-04T20:16:30","slug":"terms-conditions","status":"publish","type":"page","link":"https:\/\/cashcowboy.net\/vi\/terms-conditions\/","title":{"rendered":"\u0110i\u1ec1u kho\u1ea3n &amp; \u0110i\u1ec1u ki\u1ec7n"},"content":{"rendered":"\t\t<div data-elementor-type=\"wp-page\" data-elementor-id=\"71656\" class=\"elementor elementor-71656 elementor-1090\" data-elementor-post-type=\"page\">\n\t\t\t\t<div class=\"elementor-element elementor-element-b6f3875 e-flex e-con-boxed e-con e-parent\" data-id=\"b6f3875\" data-element_type=\"container\" data-e-type=\"container\">\n\t\t\t\t\t<div class=\"e-con-inner\">\n\t\t\t\t<div class=\"elementor-element elementor-element-3944628 elementor-widget elementor-widget-text-editor\" data-id=\"3944628\" data-element_type=\"widget\" data-e-type=\"widget\" data-widget_type=\"text-editor.default\">\n\t\t\t\t<div class=\"elementor-widget-container\">\n\t\t\t\t\t\t\t\t\t<h3>Gi\u1edbi thi\u1ec7u<\/h3>\n<p>C\u00e1c \u0110i\u1ec1u kho\u1ea3n v\u00e0 \u0110i\u1ec1u ki\u1ec7n Chu\u1ea9n c\u1ee7a Website (sau \u0111\u00e2y g\u1ecdi l\u00e0 \u201cT&amp;C\u201d) \u0111\u01b0\u1ee3c vi\u1ebft tr\u00ean trang web n\u00e0y \u0111\u01b0\u1ee3c xu\u1ea5t b\u1ea3n b\u1edfi Digital Cash Cowboy Inc. (sau \u0111\u00e2y g\u1ecdi l\u00e0 \u201cCash <g id=\"gid_0\">Cowboy<\/g>\u201d). C\u00e1c T&amp;C tr\u00ean trang web n\u00e0y s\u1ebd qu\u1ea3n l\u00fd vi\u1ec7c b\u1ea1n s\u1eed d\u1ee5ng website c\u1ee7a ch\u00fang t\u00f4i, Cash Cowboy, c\u00f3 th\u1ec3 truy c\u1eadp t\u1ea1i www.cashcowboy.net. <\/p>\n<p>C\u00e1c \u0110i\u1ec1u kho\u1ea3n n\u00e0y s\u1ebd \u0111\u01b0\u1ee3c \u00e1p d\u1ee5ng ho\u00e0n to\u00e0n v\u00e0 \u1ea3nh h\u01b0\u1edfng \u0111\u1ebfn vi\u1ec7c b\u1ea1n s\u1eed d\u1ee5ng Trang web n\u00e0y. B\u1eb1ng c\u00e1ch s\u1eed d\u1ee5ng Trang web n\u00e0y, b\u1ea1n \u0111\u1ed3ng \u00fd ch\u1ea5p nh\u1eadn t\u1ea5t c\u1ea3 c\u00e1c \u0111i\u1ec1u kho\u1ea3n v\u00e0 \u0111i\u1ec1u ki\u1ec7n \u0111\u01b0\u1ee3c vi\u1ebft \u1edf \u0111\u00e2y. B\u1ea1n kh\u00f4ng \u0111\u01b0\u1ee3c s\u1eed d\u1ee5ng Trang web n\u00e0y n\u1ebfu b\u1ea1n kh\u00f4ng \u0111\u1ed3ng \u00fd v\u1edbi b\u1ea5t k\u1ef3 \u0110i\u1ec1u kho\u1ea3n v\u00e0 \u0110i\u1ec1u ki\u1ec7n ti\u00eau chu\u1ea9n c\u1ee7a Trang web n\u00e0y.  <\/p>\n\n<h3>\u0110i\u1ec1u ki\u1ec7n \u0111\u1ee7<\/h3>\n<p>B\u1ea1n ph\u1ea3i \u00edt nh\u1ea5t 18 tu\u1ed5i \u0111\u1ec3 truy c\u1eadp v\u00e0 s\u1eed d\u1ee5ng Trang web.<\/p>\n\n<h3>Quy\u1ec1n S\u1edf h\u1eefu tr\u00ed tu\u1ec7<\/h3>\n<p>Ngo\u00e0i n\u1ed9i dung m\u00e0 b\u1ea1n s\u1edf h\u1eefu, theo c\u00e1c \u0110i\u1ec1u kho\u1ea3n n\u00e0y, Cash Cowboy v\u00e0\/ho\u1eb7c c\u00e1c \u0111\u01a1n v\u1ecb c\u1ea5p ph\u00e9p c\u1ee7a n\u00f3 s\u1edf h\u1eefu t\u1ea5t c\u1ea3 c\u00e1c quy\u1ec1n s\u1edf h\u1eefu tr\u00ed tu\u1ec7 v\u00e0 t\u00e0i li\u1ec7u c\u00f3 trong Website n\u00e0y.<\/p>\n<p>You are granted a limited license only for purposes of viewing the material contained on this Website.<\/p>\n\n<h3>H\u1ea1n ch\u1ebf<\/h3>\n<p>B\u1ea1n b\u1ecb h\u1ea1n ch\u1ebf c\u1ee5 th\u1ec3 \u0111\u1ed1i v\u1edbi t\u1ea5t c\u1ea3 c\u00e1c h\u00e0nh \u0111\u1ed9ng sau:<\/p>\n<ul>\n  <li>Xu\u1ea5t b\u1ea3n b\u1ea5t k\u1ef3 t\u00e0i li\u1ec7u n\u00e0o t\u1eeb Website tr\u00ean b\u1ea5t k\u1ef3 ph\u01b0\u01a1ng ti\u1ec7n truy\u1ec1n th\u00f4ng n\u00e0o kh\u00e1c;<\/li>\n  <li>B\u00e1n, c\u1ea5p ph\u00e9p ph\u1ee5 v\u00e0\/ho\u1eb7c th\u01b0\u01a1ng m\u1ea1i h\u00f3a b\u1ea5t k\u1ef3 t\u00e0i li\u1ec7u n\u00e0o t\u1eeb Website;<\/li>\n  <li>Bi\u1ec3u di\u1ec5n c\u00f4ng khai v\u00e0\/ho\u1eb7c tr\u00ecnh chi\u1ebfu b\u1ea5t k\u1ef3 t\u00e0i li\u1ec7u n\u00e0o t\u1eeb Website;<\/li>\n  <li>S\u1eed d\u1ee5ng Website n\u00e0y theo b\u1ea5t k\u1ef3 c\u00e1ch n\u00e0o c\u00f3 th\u1ec3 g\u00e2y h\u1ea1i ho\u1eb7c c\u00f3 th\u1ec3 g\u00e2y h\u1ea1i cho Website n\u00e0y;<\/li>\n  <li>S\u1eed d\u1ee5ng Website n\u00e0y theo b\u1ea5t k\u1ef3 c\u00e1ch n\u00e0o \u1ea3nh h\u01b0\u1edfng \u0111\u1ebfn quy\u1ec1n truy c\u1eadp c\u1ee7a ng\u01b0\u1eddi d\u00f9ng v\u00e0o Website n\u00e0y;<\/li>\n  <li>S\u1eed d\u1ee5ng Website n\u00e0y tr\u00e1i v\u1edbi c\u00e1c lu\u1eadt v\u00e0 quy \u0111\u1ecbnh hi\u1ec7n h\u00e0nh, ho\u1eb7c theo b\u1ea5t k\u1ef3 c\u00e1ch n\u00e0o c\u00f3 th\u1ec3 g\u00e2y h\u1ea1i cho Website, ho\u1eb7c cho b\u1ea5t k\u1ef3 c\u00e1 nh\u00e2n hay t\u1ed5 ch\u1ee9c doanh nghi\u1ec7p n\u00e0o;<\/li>\n  <li>Th\u1ef1c hi\u1ec7n b\u1ea5t k\u1ef3 ho\u1ea1t \u0111\u1ed9ng khai th\u00e1c d\u1eef li\u1ec7u, thu th\u1eadp d\u1eef li\u1ec7u, tr\u00edch xu\u1ea5t d\u1eef li\u1ec7u ho\u1eb7c b\u1ea5t k\u1ef3 ho\u1ea1t \u0111\u1ed9ng t\u01b0\u01a1ng t\u1ef1 n\u00e0o li\u00ean quan \u0111\u1ebfn Website n\u00e0y;<\/li>\n  <li>S\u1eed d\u1ee5ng Website n\u00e0y \u0111\u1ec3 tham gia v\u00e0o b\u1ea5t k\u1ef3 ho\u1ea1t \u0111\u1ed9ng qu\u1ea3ng c\u00e1o ho\u1eb7c ti\u1ebfp th\u1ecb n\u00e0o.<\/li>\n<\/ul>\n<p>M\u1ed9t s\u1ed1 khu v\u1ef1c c\u1ee7a Trang web n\u00e0y b\u1ecb h\u1ea1n ch\u1ebf quy\u1ec1n truy c\u1eadp c\u1ee7a b\u1ea1n, v\u00e0 Cash Cowboy c\u00f3 th\u1ec3 h\u1ea1n ch\u1ebf th\u00eam quy\u1ec1n truy c\u1eadp v\u00e0o b\u1ea5t k\u1ef3 khu v\u1ef1c n\u00e0o c\u1ee7a Trang web n\u00e0y v\u00e0o b\u1ea5t k\u1ef3 th\u1eddi \u0111i\u1ec3m n\u00e0o, theo quy\u1ebft \u0111\u1ecbnh duy nh\u1ea5t c\u1ee7a m\u00ecnh.<\/p>\n\n<h3>N\u1ed9i dung c\u1ee7a b\u1ea1n<\/h3>\n<p>Trong c\u00e1c \u0110i\u1ec1u kho\u1ea3n v\u00e0 \u0110i\u1ec1u ki\u1ec7n Ti\u00eau chu\u1ea9n c\u1ee7a Trang web n\u00e0y, \u201cN\u1ed9i dung c\u1ee7a B\u1ea1n\u201d c\u00f3 ngh\u0129a l\u00e0 b\u1ea5t k\u1ef3 v\u0103n b\u1ea3n, h\u00ecnh \u1ea3nh, ho\u1eb7c t\u00e0i li\u1ec7u kh\u00e1c m\u00e0 b\u1ea1n ch\u1ecdn hi\u1ec3n th\u1ecb tr\u00ean Trang web n\u00e0y. B\u1eb1ng c\u00e1ch hi\u1ec3n th\u1ecb N\u1ed9i dung c\u1ee7a B\u1ea1n, b\u1ea1n c\u1ea5p cho Cash Cowboy m\u1ed9t gi\u1ea5y ph\u00e9p kh\u00f4ng \u0111\u1ed9c quy\u1ec1n, to\u00e0n c\u1ea7u, kh\u00f4ng th\u1ec3 h\u1ee7y b\u1ecf, c\u00f3 th\u1ec3 chuy\u1ec3n nh\u01b0\u1ee3ng \u0111\u1ec3 s\u1eed d\u1ee5ng, sao ch\u00e9p, \u0111i\u1ec1u ch\u1ec9nh, xu\u1ea5t b\u1ea3n, d\u1ecbch v\u00e0 ph\u00e2n ph\u1ed1i n\u00f3 tr\u00ean b\u1ea5t k\u1ef3 ph\u01b0\u01a1ng ti\u1ec7n truy\u1ec1n th\u00f4ng n\u00e0o. <\/p>\n\n<h3>Quy\u1ec1n ri\u00eang t\u01b0 c\u1ee7a b\u1ea1n<\/h3>\n<p><a href=\"https:\/\/cashcowboy.net\/privacy-policy\/\">Vui l\u00f2ng \u0111\u1ecdc Ch\u00ednh s\u00e1ch B\u1ea3o m\u1eadt.<\/a><\/p>\n\n<h3>Kh\u00f4ng c\u00f3 B\u1ea3o \u0111\u1ea3m<\/h3>\n<p>Trang web n\u00e0y \u0111\u01b0\u1ee3c cung c\u1ea5p &#8220;nh\u01b0 hi\u1ec7n t\u1ea1i,&#8221; v\u1edbi t\u1ea5t c\u1ea3 c\u00e1c l\u1ed7i, v\u00e0 Cash Cowboy kh\u00f4ng \u0111\u01b0a ra b\u1ea5t k\u1ef3 tuy\u00ean b\u1ed1 ho\u1eb7c b\u1ea3o \u0111\u1ea3m n\u00e0o li\u00ean quan \u0111\u1ebfn Trang web n\u00e0y ho\u1eb7c c\u00e1c t\u00e0i li\u1ec7u c\u00f3 tr\u00ean Trang web n\u00e0y. Kh\u00f4ng c\u00f3 g\u00ec tr\u00ean Trang web n\u00e0y \u0111\u01b0\u1ee3c hi\u1ec3u l\u00e0 l\u1eddi khuy\u00ean. <\/p>\n\n<h3>Gi\u1edbi h\u1ea1n Tr\u00e1ch nhi\u1ec7m<\/h3>\n<p>Trong b\u1ea5t k\u1ef3 tr\u01b0\u1eddng h\u1ee3p n\u00e0o, Cash Cowboy, c\u0169ng nh\u01b0 b\u1ea5t k\u1ef3 nh\u00e2n vi\u00ean, gi\u00e1m \u0111\u1ed1c, ho\u1eb7c c\u00e1n b\u1ed9 n\u00e0o c\u1ee7a c\u00f4ng ty, s\u1ebd kh\u00f4ng ch\u1ecbu tr\u00e1ch nhi\u1ec7m v\u1ec1 b\u1ea5t k\u1ef3 v\u1ea5n \u0111\u1ec1 g\u00ec ph\u00e1t sinh t\u1eeb ho\u1eb7c li\u00ean quan \u0111\u1ebfn vi\u1ec7c b\u1ea1n s\u1eed d\u1ee5ng Trang web n\u00e0y, d\u00f9 tr\u00e1ch nhi\u1ec7m \u0111\u00f3 l\u00e0 theo h\u1ee3p \u0111\u1ed3ng hay d\u01b0\u1edbi h\u00ecnh th\u1ee9c kh\u00e1c. Cash Cowboy s\u1ebd kh\u00f4ng ch\u1ecbu tr\u00e1ch nhi\u1ec7m \u0111\u1ed1i v\u1edbi b\u1ea5t k\u1ef3 tr\u00e1ch nhi\u1ec7m gi\u00e1n ti\u1ebfp, h\u1eadu qu\u1ea3, ho\u1eb7c \u0111\u1eb7c bi\u1ec7t n\u00e0o ph\u00e1t sinh t\u1eeb ho\u1eb7c li\u00ean quan \u0111\u1ebfn vi\u1ec7c b\u1ea1n s\u1eed d\u1ee5ng Trang web n\u00e0y. <\/p>\n\n<h3>B\u1ed3i th\u01b0\u1eddng<\/h3>\n<p>B\u1ea1n hereby b\u1ed3i th\u01b0\u1eddng cho Cash Cowboy trong ph\u1ea1m vi t\u1ed1i \u0111a \u0111\u1ed1i v\u1edbi b\u1ea5t k\u1ef3 v\u00e0 t\u1ea5t c\u1ea3 c\u00e1c tr\u00e1ch nhi\u1ec7m, chi ph\u00ed, y\u00eau c\u1ea7u, nguy\u00ean nh\u00e2n h\u00e0nh \u0111\u1ed9ng, thi\u1ec7t h\u1ea1i v\u00e0 chi ph\u00ed ph\u00e1t sinh li\u00ean quan \u0111\u1ebfn vi\u1ec7c vi ph\u1ea1m b\u1ea5t k\u1ef3 \u0111i\u1ec1u kho\u1ea3n n\u00e0o trong c\u00e1c \u0110i\u1ec1u kho\u1ea3n n\u00e0y.<\/p>\n\n<h3>T\u00ednh kh\u1ea3 thi \u0111\u1ed9c l\u1eadp<\/h3>\n<p>N\u1ebfu b\u1ea5t k\u1ef3 \u0111i\u1ec1u kho\u1ea3n n\u00e0o trong c\u00e1c \u0110i\u1ec1u kho\u1ea3n n\u00e0y b\u1ecb ph\u00e1t hi\u1ec7n l\u00e0 kh\u00f4ng h\u1ee3p l\u1ec7 theo b\u1ea5t k\u1ef3 lu\u1eadt \u00e1p d\u1ee5ng n\u00e0o, \u0111i\u1ec1u kho\u1ea3n \u0111\u00f3 s\u1ebd b\u1ecb x\u00f3a m\u00e0 kh\u00f4ng \u1ea3nh h\u01b0\u1edfng \u0111\u1ebfn c\u00e1c \u0111i\u1ec1u kho\u1ea3n c\u00f2n l\u1ea1i.<\/p>\n\n<h3>S\u1ef1 thay \u0111\u1ed5i c\u1ee7a \u0110i\u1ec1u kho\u1ea3n<\/h3>\n<p>Cash Cowboy c\u00f3 quy\u1ec1n s\u1eeda \u0111\u1ed5i c\u00e1c \u0110i\u1ec1u kho\u1ea3n n\u00e0y b\u1ea5t c\u1ee9 l\u00fac n\u00e0o theo quy\u1ebft \u0111\u1ecbnh c\u1ee7a m\u00ecnh. B\u1eb1ng c\u00e1ch s\u1eed d\u1ee5ng Trang web n\u00e0y, b\u1ea1n c\u1ea7n th\u01b0\u1eddng xuy\u00ean xem l\u1ea1i c\u00e1c \u0110i\u1ec1u kho\u1ea3n n\u00e0y \u0111\u1ec3 c\u1eadp nh\u1eadt c\u00e1c thay \u0111\u1ed5i. C\u00e1c s\u1eeda \u0111\u1ed5i c\u00f3 hi\u1ec7u l\u1ef1c ngay khi \u0111\u01b0\u1ee3c \u0111\u0103ng t\u1ea3i.  <\/p>\n\n<h3>Chuy\u1ec3n nh\u01b0\u1ee3ng<\/h3>\n<p>Cash Cowboy c\u00f3 quy\u1ec1n chuy\u1ec3n nh\u01b0\u1ee3ng, chuy\u1ec3n giao v\u00e0 k\u00fd h\u1ee3p \u0111\u1ed3ng ph\u1ee5 quy\u1ec1n v\u00e0\/ho\u1eb7c ngh\u0129a v\u1ee5 c\u1ee7a m\u00ecnh theo c\u00e1c \u0110i\u1ec1u kho\u1ea3n n\u00e0y m\u00e0 kh\u00f4ng c\u1ea7n th\u00f4ng b\u00e1o. B\u1ea1n kh\u00f4ng \u0111\u01b0\u1ee3c chuy\u1ec3n nh\u01b0\u1ee3ng, chuy\u1ec3n giao ho\u1eb7c k\u00fd h\u1ee3p \u0111\u1ed3ng ph\u1ee5 b\u1ea5t k\u1ef3 quy\u1ec1n l\u1ee3i ho\u1eb7c ngh\u0129a v\u1ee5 n\u00e0o c\u1ee7a m\u00ecnh theo c\u00e1c \u0110i\u1ec1u kho\u1ea3n n\u00e0y. <\/p>\n\n<h3>To\u00e0n b\u1ed9 Th\u1ecfa thu\u1eadn<\/h3>\n<p>C\u00e1c \u0110i\u1ec1u kho\u1ea3n n\u00e0y t\u1ea1o th\u00e0nh to\u00e0n b\u1ed9 th\u1ecfa thu\u1eadn gi\u1eefa Cash Cowboy v\u00e0 b\u1ea1n li\u00ean quan \u0111\u1ebfn vi\u1ec7c s\u1eed d\u1ee5ng Trang web n\u00e0y v\u00e0 thay th\u1ebf m\u1ecdi th\u1ecfa thu\u1eadn v\u00e0 hi\u1ec3u bi\u1ebft tr\u01b0\u1edbc \u0111\u00e2y.<\/p>\n\n<h3>Lu\u1eadt \u00c1p D\u1ee5ng v\u00e0 Th\u1ea9m Quy\u1ec1n<\/h3>\n<p>C\u00e1c \u0110i\u1ec1u kho\u1ea3n n\u00e0y s\u1ebd \u0111\u01b0\u1ee3c \u0111i\u1ec1u ch\u1ec9nh v\u00e0 gi\u1ea3i th\u00edch theo c\u00e1c lu\u1eadt \u00e1p d\u1ee5ng, m\u00e0 kh\u00f4ng x\u00e9t \u0111\u1ebfn nguy\u00ean t\u1eafc xung \u0111\u1ed9t lu\u1eadt ph\u00e1p. N\u1ebfu c\u00f3 b\u1ea5t k\u1ef3 lu\u1eadt \u00e1p d\u1ee5ng n\u00e0o m\u00e2u thu\u1eabn v\u1edbi c\u00e1c \u0110i\u1ec1u kho\u1ea3n n\u00e0y, c\u00e1c \u0110i\u1ec1u kho\u1ea3n s\u1ebd \u0111\u01b0\u1ee3c coi l\u00e0 \u0111\u00e3 \u0111\u01b0\u1ee3c s\u1eeda \u0111\u1ed5i \u0111\u1ec3 ph\u00f9 h\u1ee3p v\u1edbi lu\u1eadt \u0111\u00f3, m\u00e0 kh\u00f4ng \u1ea3nh h\u01b0\u1edfng \u0111\u1ebfn c\u00e1c \u0111i\u1ec1u kho\u1ea3n c\u00f2n l\u1ea1i. <\/p>\n\n<h3>Th\u00f4ng B\u00e1o Quan Tr\u1ecdng<\/h3>\n<p>Phi\u00ean b\u1ea3n cu\u1ed1i c\u00f9ng v\u00e0 c\u00f3 th\u1ea9m quy\u1ec1n c\u1ee7a c\u00e1c \u0110i\u1ec1u kho\u1ea3n v\u00e0 \u0110i\u1ec1u ki\u1ec7n n\u00e0y l\u00e0 b\u1eb1ng ti\u1ebfng Anh. M\u1ecdi b\u1ea3n d\u1ecbch \u0111\u01b0\u1ee3c cung c\u1ea5p ch\u1ec9 mang t\u00ednh thu\u1eadn ti\u1ec7n v\u00e0 c\u00f3 th\u1ec3 ch\u1ee9a s\u1ef1 kh\u00f4ng ch\u00ednh x\u00e1c. B\u1eb1ng c\u00e1ch s\u1eed d\u1ee5ng Trang web n\u00e0y, b\u1ea1n \u0111\u1ed3ng \u00fd r\u1eb1ng phi\u00ean b\u1ea3n ti\u1ebfng Anh s\u1ebd chi ph\u1ed1i.  <\/p>\n\n<p>C\u1eadp nh\u1eadt l\u1ea7n cu\u1ed1i: Th\u00e1ng 3, 2025<\/p>\n\t\t\t\t\t\t\t\t<\/div>\n\t\t\t\t<\/div>\n\t\t\t\t\t<\/div>\n\t\t\t\t<\/div>\n\t\t\t\t<\/div>\n\t\t","protected":false},"excerpt":{"rendered":"<p>Gi\u1edbi thi\u1ec7u C\u00e1c \u0110i\u1ec1u kho\u1ea3n v\u00e0 \u0110i\u1ec1u ki\u1ec7n Chu\u1ea9n c\u1ee7a Website (sau \u0111\u00e2y g\u1ecdi l\u00e0 \u201cT&amp;C\u201d) \u0111\u01b0\u1ee3c vi\u1ebft tr\u00ean trang web n\u00e0y \u0111\u01b0\u1ee3c xu\u1ea5t b\u1ea3n b\u1edfi Digital Cash Cowboy Inc. (sau \u0111\u00e2y g\u1ecdi l\u00e0 \u201cCash Cowboy\u201d). C\u00e1c T&amp;C tr\u00ean trang web n\u00e0y s\u1ebd qu\u1ea3n l\u00fd vi\u1ec7c b\u1ea1n s\u1eed d\u1ee5ng website c\u1ee7a ch\u00fang t\u00f4i, Cash Cowboy,&#8230;<\/p>\n","protected":false},"author":104,"featured_media":0,"parent":0,"menu_order":0,"comment_status":"closed","ping_status":"closed","template":"","meta":{"_acf_changed":false,"footnotes":""},"class_list":["post-71656","page","type-page","status-publish","hentry"],"acf":[],"_links":{"self":[{"href":"https:\/\/cashcowboy.net\/vi\/wp-json\/wp\/v2\/pages\/71656","targetHints":{"allow":["GET"]}}],"collection":[{"href":"https:\/\/cashcowboy.net\/vi\/wp-json\/wp\/v2\/pages"}],"about":[{"href":"https:\/\/cashcowboy.net\/vi\/wp-json\/wp\/v2\/types\/page"}],"author":[{"embeddable":true,"href":"https:\/\/cashcowboy.net\/vi\/wp-json\/wp\/v2\/users\/104"}],"replies":[{"embeddable":true,"href":"https:\/\/cashcowboy.net\/vi\/wp-json\/wp\/v2\/comments?post=71656"}],"version-history":[{"count":0,"href":"https:\/\/cashcowboy.net\/vi\/wp-json\/wp\/v2\/pages\/71656\/revisions"}],"wp:attachment":[{"href":"https:\/\/cashcowboy.net\/vi\/wp-json\/wp\/v2\/media?parent=71656"}],"curies":[{"name":"wp","href":"https:\/\/api.w.org\/{rel}","templated":true}]}}